{"id":98,"date":"2016-06-29T14:20:05","date_gmt":"2016-06-29T14:20:05","guid":{"rendered":"http:\/\/www.erasur.com\/?page_id=98"},"modified":"2016-07-14T07:59:02","modified_gmt":"2016-07-14T07:59:02","slug":"aviso-legal","status":"publish","type":"page","link":"https:\/\/www.erasur.com\/es\/aviso-legal\/","title":{"rendered":"Aviso legal"},"content":{"rendered":"<section class=\"equipo-page\">\n<article class=\"servicio-content\">\n<div class=\"container\">\n<div class=\"row\">\n<div class=\"col-xs-12\">\n<div class=\"text-leyton\">\n<p><strong>OBJETO<\/strong><\/p>\n<p>Las presentes Condiciones Generales regulan el uso (incluyendo el mero acceso) de las p\u00e1ginas web integrantes del sitio web de <strong>GRUPO ERASUR<\/strong>\u00a0Toda persona que acceda al Sitio <strong>GRUPO ERASUR<\/strong> (\u201c<strong>Usuario<\/strong>\u201d) acepta someterse a las Condiciones Generales vigentes en cada momento en que acceda al Sitio\u00a0<strong>GRUPO ERASUR<\/strong><\/p>\n<p>En consecuencia, el Usuario debe leer con atenci\u00f3n las Condiciones Generales cada vez que se proponga utilizar el Sitio\u00a0<strong>GRUPO ERASUR<\/strong> as\u00ed como, en su caso, las correspondientes Condiciones Particulares cada vez que se proponga utilizar el Contenido o Servicio de que se trate.<\/p>\n<p>En todo caso<strong>,GRUPO ERASUR<\/strong> se reserva el derecho de modificar, en cualquier momento y sin necesidad de previo aviso, la presentaci\u00f3n y configuraci\u00f3n del Sitio <strong>GRUPO ERASUR<\/strong>, as\u00ed como las presentes Condiciones Generales o las correspondientes Condiciones Particulares.<\/p>\n<p><strong>USO DEL SITIO DEL GRUPO ERASUR<\/strong><\/p>\n<p>El Sitio<strong> GRUPO ERASUR<\/strong>\u00a0no constituye y no debe entenderse c\u00f3mo una fuente de asesoramiento ni un medio para establecer una relaci\u00f3n profesional ni de ning\u00fan otro tipo entre cliente y abogado. Los ejemplos que se examinan en la misma est\u00e1n sacados de Sentencias y por lo tanto se corresponden con casos reales en los que para incidir en ciertos puntos se evitan datos que se consideran superfluos, as\u00ed como ejemplos que son situaciones de laboratorio. En ning\u00fan caso se explican casos reales de clientes, ni se puede extrapolar el contenido de la web, para otros casos.<\/p>\n<ul>\n<li><strong>Uso<\/strong><\/li>\n<\/ul>\n<p>Salvo que se disponga otra cosa en las Condiciones Particulares, el uso del Sitio<strong> GRUPO ERASUR<\/strong>\u00a0tendr\u00e1 car\u00e1cter gratuito. Esto se entender\u00e1 sin perjuicio del coste de conexi\u00f3n a trav\u00e9s de la correspondiente red de telecomunicaciones que para el Usuario tenga el acceso.<\/p>\n<p>El Usuario es consciente y acepta voluntaria y expresamente que el uso del Sitio<strong> GRUPO ERASUR<\/strong>\u00a0se realiza en todo caso bajo su \u00fanica y exclusiva responsabilidad.<\/p>\n<p>En la utilizaci\u00f3n del Sitio<strong> GRUPO ERASUR<\/strong>, el Usuario se compromete a no llevar a cabo ninguna conducta que pudiera da\u00f1ar la imagen, los intereses y los derechos de<strong> GRUPO ERASUR<\/strong>\u00a0o de terceros o que pudiera da\u00f1ar, inutilizar o sobrecargar el Sitio<strong> GRUPO ERASUR<\/strong>\u00a0, o que impidiera, de cualquier forma, la normal utilizaci\u00f3n del Sitio<strong> GRUPO ERASUR<\/strong>.<\/p>\n<p><strong>GRUPO ERASUR <\/strong> adopta medidas de seguridad razonablemente adecuadas para detectar la existencia de virus. No obstante, el Usuario debe ser consciente de que las medidas de seguridad de los sistemas inform\u00e1ticos en Internet no son enteramente fiables y que, por tanto,<strong> GRUPO ERASUR<\/strong>\u00a0no puede garantizar la inexistencia de virus u otros elementos que puedan producir alteraciones en los sistemas inform\u00e1ticos (software y hardware) del Usuario o en sus documentos electr\u00f3nicos y ficheros contenidos en los mismos.<\/p>\n<ul>\n<li><strong>Contenidos<\/strong><\/li>\n<\/ul>\n<p>Los Contenidos del Sitio<strong> GRUPO ERASUR<\/strong>\u00a0son puestos a disposici\u00f3n del Usuario por<strong> GRUPO ERASUR<\/strong>\u00a0con informaci\u00f3n procedente tanto de fuentes propias como de terceros, procurando que los Contenidos reflejen la mayor\u00a0calidad y actualizaci\u00f3n posibles, no obstante al ser casos reales o creaciones de laboratorio resulta imposible garantizar la utilidad para el caso concreto, exactitud, exhaustividad o pertinencia.<\/p>\n<p>La inclusi\u00f3n de Contenidos en el Sitio<strong> GRUPO ERASUR<\/strong>\u00a0no constituye en modo alguno la prestaci\u00f3n de un servicio de asesoramiento jur\u00eddico. El Usuario reconoce que, en la medida en que la aplicaci\u00f3n del Derecho a casos concretos no es autom\u00e1tica, sino que puede variar en funci\u00f3n de circunstancias muy diversas, la informaci\u00f3n recogida en los Contenidos es insuficiente para la toma de decisiones de cualquier naturaleza. Por ello, la informaci\u00f3n incluida en los Contenidos no puede ser considerada como una alternativa al asesoramiento jur\u00eddico, y<strong> GRUPO ERASUR<\/strong>\u00a0desaconseja al Usuario la toma de decisiones sobre la base de la informaci\u00f3n recogida en los Contenidos sin obtener un asesoramiento profesional adecuado.<\/p>\n<ul>\n<li><strong>Derechos de propiedad intelectual e industrial<\/strong><\/li>\n<\/ul>\n<p>Mediante estas Condiciones Generales no se cede ning\u00fan derecho de propiedad intelectual o industrial sobre el sitio<strong> GRUPO ERASUR<\/strong>\u00a0ni sobre ninguno de sus elementos integrantes, quedando expresamente prohibidos al Usuario la reproducci\u00f3n, transformaci\u00f3n, distribuci\u00f3n, comunicaci\u00f3n p\u00fablica, puesta a disposici\u00f3n, extracci\u00f3n, reutilizaci\u00f3n, reenv\u00edo o la utilizaci\u00f3n de cualquier naturaleza, por cualquier medio o procedimiento, de cualquiera de ellos, salvo en los casos en que est\u00e9 legalmente permitido o sea autorizado por el titular de los correspondientes derechos.<\/p>\n<p>El Usuario podr\u00e1 visualizar y obtener una copia privada temporal de los Contenidos para su exclusivo uso personal y privado en sus sistemas inform\u00e1ticos (software y hardware), siempre que no sea con la finalidad de desarrollar actividades de car\u00e1cter comercial o profesional. El Usuario deber\u00e1 abstenerse de obtener, o intentar obtener, los Contenidos por medios o procedimientos distintos de los que en cada caso se hayan puesto a su disposici\u00f3n o indicado al efecto o de los que se utilicen habitualmente en Internet (siempre que estos \u00faltimos no entra\u00f1en un riesgo de da\u00f1o o inutilizaci\u00f3n del Sitio<strong> GRUPO ERASUR<\/strong>). El Usuario deber\u00e1 respetar en todo momento todos los derechos de propiedad intelectual e industrial sobre el Sitio<strong> GRUPO ERASUR<\/strong>, de titularidad de<strong> GRUPO ERASUR<\/strong>o de terceros.<\/p>\n<p>&nbsp;<\/p>\n<p><strong>LEY APLICABLE Y JURISDICCI\u00d3N<\/strong><\/p>\n<p>Estas Condiciones Generales se rigen por la Ley espa\u00f1ola.<\/p>\n<p><strong>DIRECCIONES DE CONTACTO<\/strong><\/p>\n<p>En caso de que cualquier Usuario tuviese alguna duda acerca de estas Condiciones Generales o cualquier comentario sobre el Sitio<strong> GRUPO ERASUR<\/strong>, por favor dir\u00edjase grupo@erasur.com<\/p>\n<p>Versi\u00f3n:\u00a0Julio 2016<\/p>\n<\/div>\n<\/div>\n<\/div>\n<\/div>\n<\/article>\n<\/section>\n<footer class=\"footer\">\n<div class=\"container\"><\/div>\n<\/footer>\n","protected":false},"excerpt":{"rendered":"<p>OBJETO Las presentes Condiciones Generales regulan el uso (incluyendo el mero acceso) de las p\u00e1ginas web integrantes del sitio web de GRUPO ERASUR\u00a0Toda persona que acceda al Sitio GRUPO ERASUR (\u201cUsuario\u201d) acepta someterse a las Condiciones Generales vigentes en cada momento en que acceda al Sitio\u00a0GRUPO ERASUR En consecuencia, el Usuario debe leer con atenci\u00f3n [&hellip;]<\/p>\n","protected":false},"author":1,"featured_media":0,"parent":0,"menu_order":0,"comment_status":"closed","ping_status":"closed","template":"templates\/page-legales.php","meta":{"_acf_changed":false,"footnotes":""},"class_list":["post-98","page","type-page","status-publish","hentry"],"acf":[],"yoast_head":"<!-- This site is optimized with the Yoast SEO plugin v26.8 - https:\/\/yoast.com\/product\/yoast-seo-wordpress\/ -->\n<title>Aviso legal - Erasur Group - Developer and Real Estate Promoter<\/title>\n<meta name=\"robots\" content=\"index, follow, max-snippet:-1, max-image-preview:large, max-video-preview:-1\" \/>\n<link rel=\"canonical\" href=\"https:\/\/www.erasur.com\/es\/aviso-legal\/\" \/>\n<meta property=\"og:locale\" content=\"es_ES\" \/>\n<meta property=\"og:type\" content=\"article\" \/>\n<meta property=\"og:title\" content=\"Aviso legal - Erasur Group - Developer and Real Estate Promoter\" \/>\n<meta property=\"og:description\" content=\"OBJETO Las presentes Condiciones Generales regulan el uso (incluyendo el mero acceso) de las p\u00e1ginas web integrantes del sitio web de GRUPO ERASUR\u00a0Toda persona que acceda al Sitio GRUPO ERASUR (\u201cUsuario\u201d) acepta someterse a las Condiciones Generales vigentes en cada momento en que acceda al Sitio\u00a0GRUPO ERASUR En consecuencia, el Usuario debe leer con atenci\u00f3n [&hellip;]\" \/>\n<meta property=\"og:url\" content=\"https:\/\/www.erasur.com\/es\/aviso-legal\/\" \/>\n<meta property=\"og:site_name\" content=\"Erasur Group - Developer and Real Estate Promoter\" \/>\n<meta property=\"article:modified_time\" content=\"2016-07-14T07:59:02+00:00\" \/>\n<meta name=\"twitter:card\" content=\"summary_large_image\" \/>\n<meta name=\"twitter:label1\" content=\"Tiempo de lectura\" \/>\n\t<meta name=\"twitter:data1\" content=\"5 minutes\" \/>\n<script type=\"application\/ld+json\" class=\"yoast-schema-graph\">{\"@context\":\"https:\/\/schema.org\",\"@graph\":[{\"@type\":\"WebPage\",\"@id\":\"https:\/\/www.erasur.com\/es\/aviso-legal\/\",\"url\":\"https:\/\/www.erasur.com\/es\/aviso-legal\/\",\"name\":\"Aviso legal - Erasur Group - Developer and Real Estate Promoter\",\"isPartOf\":{\"@id\":\"https:\/\/www.erasur.com\/#website\"},\"datePublished\":\"2016-06-29T14:20:05+00:00\",\"dateModified\":\"2016-07-14T07:59:02+00:00\",\"breadcrumb\":{\"@id\":\"https:\/\/www.erasur.com\/es\/aviso-legal\/#breadcrumb\"},\"inLanguage\":\"es-ES\",\"potentialAction\":[{\"@type\":\"ReadAction\",\"target\":[\"https:\/\/www.erasur.com\/es\/aviso-legal\/\"]}]},{\"@type\":\"BreadcrumbList\",\"@id\":\"https:\/\/www.erasur.com\/es\/aviso-legal\/#breadcrumb\",\"itemListElement\":[{\"@type\":\"ListItem\",\"position\":1,\"name\":\"Portada\",\"item\":\"https:\/\/www.erasur.com\/es\/\"},{\"@type\":\"ListItem\",\"position\":2,\"name\":\"Aviso legal\"}]},{\"@type\":\"WebSite\",\"@id\":\"https:\/\/www.erasur.com\/#website\",\"url\":\"https:\/\/www.erasur.com\/\",\"name\":\"Erasur Group - Developer and Real Estate Promoter\",\"description\":\"Erasur Group - Developer and Real Estate Promoter\",\"publisher\":{\"@id\":\"https:\/\/www.erasur.com\/#organization\"},\"potentialAction\":[{\"@type\":\"SearchAction\",\"target\":{\"@type\":\"EntryPoint\",\"urlTemplate\":\"https:\/\/www.erasur.com\/?s={search_term_string}\"},\"query-input\":{\"@type\":\"PropertyValueSpecification\",\"valueRequired\":true,\"valueName\":\"search_term_string\"}}],\"inLanguage\":\"es-ES\"},{\"@type\":\"Organization\",\"@id\":\"https:\/\/www.erasur.com\/#organization\",\"name\":\"Erasur\",\"url\":\"https:\/\/www.erasur.com\/\",\"logo\":{\"@type\":\"ImageObject\",\"inLanguage\":\"es-ES\",\"@id\":\"https:\/\/www.erasur.com\/#\/schema\/logo\/image\/\",\"url\":\"http:\/\/www.erasur.com\/wp-content\/uploads\/2016\/05\/logo.png\",\"contentUrl\":\"http:\/\/www.erasur.com\/wp-content\/uploads\/2016\/05\/logo.png\",\"width\":230,\"height\":100,\"caption\":\"Erasur\"},\"image\":{\"@id\":\"https:\/\/www.erasur.com\/#\/schema\/logo\/image\/\"}}]}<\/script>\n<!-- \/ Yoast SEO plugin. -->","yoast_head_json":{"title":"Aviso legal - Erasur Group - Developer and Real Estate Promoter","robots":{"index":"index","follow":"follow","max-snippet":"max-snippet:-1","max-image-preview":"max-image-preview:large","max-video-preview":"max-video-preview:-1"},"canonical":"https:\/\/www.erasur.com\/es\/aviso-legal\/","og_locale":"es_ES","og_type":"article","og_title":"Aviso legal - Erasur Group - Developer and Real Estate Promoter","og_description":"OBJETO Las presentes Condiciones Generales regulan el uso (incluyendo el mero acceso) de las p\u00e1ginas web integrantes del sitio web de GRUPO ERASUR\u00a0Toda persona que acceda al Sitio GRUPO ERASUR (\u201cUsuario\u201d) acepta someterse a las Condiciones Generales vigentes en cada momento en que acceda al Sitio\u00a0GRUPO ERASUR En consecuencia, el Usuario debe leer con atenci\u00f3n [&hellip;]","og_url":"https:\/\/www.erasur.com\/es\/aviso-legal\/","og_site_name":"Erasur Group - Developer and Real Estate Promoter","article_modified_time":"2016-07-14T07:59:02+00:00","twitter_card":"summary_large_image","twitter_misc":{"Tiempo de lectura":"5 minutes"},"schema":{"@context":"https:\/\/schema.org","@graph":[{"@type":"WebPage","@id":"https:\/\/www.erasur.com\/es\/aviso-legal\/","url":"https:\/\/www.erasur.com\/es\/aviso-legal\/","name":"Aviso legal - Erasur Group - Developer and Real Estate Promoter","isPartOf":{"@id":"https:\/\/www.erasur.com\/#website"},"datePublished":"2016-06-29T14:20:05+00:00","dateModified":"2016-07-14T07:59:02+00:00","breadcrumb":{"@id":"https:\/\/www.erasur.com\/es\/aviso-legal\/#breadcrumb"},"inLanguage":"es-ES","potentialAction":[{"@type":"ReadAction","target":["https:\/\/www.erasur.com\/es\/aviso-legal\/"]}]},{"@type":"BreadcrumbList","@id":"https:\/\/www.erasur.com\/es\/aviso-legal\/#breadcrumb","itemListElement":[{"@type":"ListItem","position":1,"name":"Portada","item":"https:\/\/www.erasur.com\/es\/"},{"@type":"ListItem","position":2,"name":"Aviso legal"}]},{"@type":"WebSite","@id":"https:\/\/www.erasur.com\/#website","url":"https:\/\/www.erasur.com\/","name":"Erasur Group - Developer and Real Estate Promoter","description":"Erasur Group - Developer and Real Estate Promoter","publisher":{"@id":"https:\/\/www.erasur.com\/#organization"},"potentialAction":[{"@type":"SearchAction","target":{"@type":"EntryPoint","urlTemplate":"https:\/\/www.erasur.com\/?s={search_term_string}"},"query-input":{"@type":"PropertyValueSpecification","valueRequired":true,"valueName":"search_term_string"}}],"inLanguage":"es-ES"},{"@type":"Organization","@id":"https:\/\/www.erasur.com\/#organization","name":"Erasur","url":"https:\/\/www.erasur.com\/","logo":{"@type":"ImageObject","inLanguage":"es-ES","@id":"https:\/\/www.erasur.com\/#\/schema\/logo\/image\/","url":"http:\/\/www.erasur.com\/wp-content\/uploads\/2016\/05\/logo.png","contentUrl":"http:\/\/www.erasur.com\/wp-content\/uploads\/2016\/05\/logo.png","width":230,"height":100,"caption":"Erasur"},"image":{"@id":"https:\/\/www.erasur.com\/#\/schema\/logo\/image\/"}}]}},"_links":{"self":[{"href":"https:\/\/www.erasur.com\/es\/wp-json\/wp\/v2\/pages\/98","targetHints":{"allow":["GET"]}}],"collection":[{"href":"https:\/\/www.erasur.com\/es\/wp-json\/wp\/v2\/pages"}],"about":[{"href":"https:\/\/www.erasur.com\/es\/wp-json\/wp\/v2\/types\/page"}],"author":[{"embeddable":true,"href":"https:\/\/www.erasur.com\/es\/wp-json\/wp\/v2\/users\/1"}],"replies":[{"embeddable":true,"href":"https:\/\/www.erasur.com\/es\/wp-json\/wp\/v2\/comments?post=98"}],"version-history":[{"count":3,"href":"https:\/\/www.erasur.com\/es\/wp-json\/wp\/v2\/pages\/98\/revisions"}],"predecessor-version":[{"id":155,"href":"https:\/\/www.erasur.com\/es\/wp-json\/wp\/v2\/pages\/98\/revisions\/155"}],"wp:attachment":[{"href":"https:\/\/www.erasur.com\/es\/wp-json\/wp\/v2\/media?parent=98"}],"curies":[{"name":"wp","href":"https:\/\/api.w.org\/{rel}","templated":true}]}}