{"id":93,"date":"2016-06-29T14:14:44","date_gmt":"2016-06-29T14:14:44","guid":{"rendered":"http:\/\/www.erasur.com\/en\/?page_id=93"},"modified":"2016-07-14T07:50:11","modified_gmt":"2016-07-14T07:50:11","slug":"politica-privacidad","status":"publish","type":"page","link":"https:\/\/www.erasur.com\/es\/politica-privacidad\/","title":{"rendered":"Pol\u00edtica de privacidad"},"content":{"rendered":"<p>El acceso a la p\u00e1gina web es gratuito salvo en lo relativo al coste de la conexi\u00f3n a trav\u00e9s de la red de telecomunicaciones suministrada por el proveedor de acceso contratado por los usuarios<\/p>\n<p>La utilizaci\u00f3n del Portal atribuye la condici\u00f3n de usuario del Portal (en adelante, el \u2018Usuario\u2019) e implica la aceptaci\u00f3n de todas las condiciones incluidas en este Aviso Legal. La prestaci\u00f3n del servicio del Portal tiene una duraci\u00f3n limitada al momento en el que el Usuario se encuentre conectado al Portal o a alguno de los servicios que a trav\u00e9s del mismo se facilitan. Por tanto, el Usuario debe leer atentamente el presente Aviso Legal en cada una de las ocasiones en que se proponga utilizar el Portal, ya que \u00e9ste y sus condiciones de uso recogidas en el presente Aviso Legal pueden sufrir modificaciones<\/p>\n<p><strong>PROPIEDAD INTELECTUAL E INDUSTRIAL:\u00a0<\/strong>Cualquier tipo de los contenido de la Web, tales como los textos, fotograf\u00edas, gr\u00e1ficos, im\u00e1genes, iconos, tecnolog\u00eda, software, links y dem\u00e1s contenidos audiovisuales o sonoros, as\u00ed como su dise\u00f1o gr\u00e1fico y c\u00f3digos fuente (en adelante, los \u2018Contenidos\u2019), son propiedad intelectual de GRUPO ERASUR\u00a0o han sido obtenido por medios l\u00edcitos\u00a0de terceros, sin que puedan entenderse cedidos al Usuario ninguno de los derechos de explotaci\u00f3n reconocidos por la normativa vigente en materia de propiedad intelectual sobre los mismos, salvo aquellos que resulten estrictamente necesario para el uso del Portal. Las marcas, nombres comerciales o signos distintivos son titularidad de GRUPO ERASUR\u00a0o de terceros colaboradores y clientes, sin que pueda entenderse que el acceso al Portal atribuya ning\u00fan derecho sobre las citadas marcas, nombres comerciales y\/o signos distintivos<\/p>\n","protected":false},"excerpt":{"rendered":"<p>El acceso a la p\u00e1gina web es gratuito salvo en lo relativo al coste de la conexi\u00f3n a trav\u00e9s de la red de telecomunicaciones suministrada por el proveedor de acceso contratado por los usuarios La utilizaci\u00f3n del Portal atribuye la condici\u00f3n de usuario del Portal (en adelante, el \u2018Usuario\u2019) e implica la aceptaci\u00f3n de todas [&hellip;]<\/p>\n","protected":false},"author":1,"featured_media":0,"parent":0,"menu_order":0,"comment_status":"closed","ping_status":"closed","template":"templates\/page-legales.php","meta":{"_acf_changed":false,"footnotes":""},"class_list":["post-93","page","type-page","status-publish","hentry"],"acf":[],"yoast_head":"<!-- This site is optimized with the Yoast SEO plugin v26.8 - https:\/\/yoast.com\/product\/yoast-seo-wordpress\/ -->\n<title>Pol\u00edtica de privacidad - Erasur Group - Developer and Real Estate Promoter<\/title>\n<meta name=\"robots\" content=\"index, follow, max-snippet:-1, max-image-preview:large, max-video-preview:-1\" \/>\n<link rel=\"canonical\" href=\"https:\/\/www.erasur.com\/es\/politica-privacidad\/\" \/>\n<meta property=\"og:locale\" content=\"es_ES\" \/>\n<meta property=\"og:type\" content=\"article\" \/>\n<meta property=\"og:title\" content=\"Pol\u00edtica de privacidad - Erasur Group - Developer and Real Estate Promoter\" \/>\n<meta property=\"og:description\" content=\"El acceso a la p\u00e1gina web es gratuito salvo en lo relativo al coste de la conexi\u00f3n a trav\u00e9s de la red de telecomunicaciones suministrada por el proveedor de acceso contratado por los usuarios La utilizaci\u00f3n del Portal atribuye la condici\u00f3n de usuario del Portal (en adelante, el \u2018Usuario\u2019) e implica la aceptaci\u00f3n de todas [&hellip;]\" \/>\n<meta property=\"og:url\" content=\"https:\/\/www.erasur.com\/es\/politica-privacidad\/\" \/>\n<meta property=\"og:site_name\" content=\"Erasur Group - Developer and Real Estate Promoter\" \/>\n<meta property=\"article:modified_time\" content=\"2016-07-14T07:50:11+00:00\" \/>\n<meta name=\"twitter:card\" content=\"summary_large_image\" \/>\n<meta name=\"twitter:label1\" content=\"Tiempo de lectura\" \/>\n\t<meta name=\"twitter:data1\" content=\"1 minute\" \/>\n<script type=\"application\/ld+json\" class=\"yoast-schema-graph\">{\"@context\":\"https:\/\/schema.org\",\"@graph\":[{\"@type\":\"WebPage\",\"@id\":\"https:\/\/www.erasur.com\/es\/politica-privacidad\/\",\"url\":\"https:\/\/www.erasur.com\/es\/politica-privacidad\/\",\"name\":\"Pol\u00edtica de privacidad - Erasur Group - Developer and Real Estate Promoter\",\"isPartOf\":{\"@id\":\"https:\/\/www.erasur.com\/#website\"},\"datePublished\":\"2016-06-29T14:14:44+00:00\",\"dateModified\":\"2016-07-14T07:50:11+00:00\",\"breadcrumb\":{\"@id\":\"https:\/\/www.erasur.com\/es\/politica-privacidad\/#breadcrumb\"},\"inLanguage\":\"es-ES\",\"potentialAction\":[{\"@type\":\"ReadAction\",\"target\":[\"https:\/\/www.erasur.com\/es\/politica-privacidad\/\"]}]},{\"@type\":\"BreadcrumbList\",\"@id\":\"https:\/\/www.erasur.com\/es\/politica-privacidad\/#breadcrumb\",\"itemListElement\":[{\"@type\":\"ListItem\",\"position\":1,\"name\":\"Portada\",\"item\":\"https:\/\/www.erasur.com\/es\/\"},{\"@type\":\"ListItem\",\"position\":2,\"name\":\"Pol\u00edtica de privacidad\"}]},{\"@type\":\"WebSite\",\"@id\":\"https:\/\/www.erasur.com\/#website\",\"url\":\"https:\/\/www.erasur.com\/\",\"name\":\"Erasur Group - Developer and Real Estate Promoter\",\"description\":\"Erasur Group - Developer and Real Estate Promoter\",\"publisher\":{\"@id\":\"https:\/\/www.erasur.com\/#organization\"},\"potentialAction\":[{\"@type\":\"SearchAction\",\"target\":{\"@type\":\"EntryPoint\",\"urlTemplate\":\"https:\/\/www.erasur.com\/?s={search_term_string}\"},\"query-input\":{\"@type\":\"PropertyValueSpecification\",\"valueRequired\":true,\"valueName\":\"search_term_string\"}}],\"inLanguage\":\"es-ES\"},{\"@type\":\"Organization\",\"@id\":\"https:\/\/www.erasur.com\/#organization\",\"name\":\"Erasur\",\"url\":\"https:\/\/www.erasur.com\/\",\"logo\":{\"@type\":\"ImageObject\",\"inLanguage\":\"es-ES\",\"@id\":\"https:\/\/www.erasur.com\/#\/schema\/logo\/image\/\",\"url\":\"http:\/\/www.erasur.com\/wp-content\/uploads\/2016\/05\/logo.png\",\"contentUrl\":\"http:\/\/www.erasur.com\/wp-content\/uploads\/2016\/05\/logo.png\",\"width\":230,\"height\":100,\"caption\":\"Erasur\"},\"image\":{\"@id\":\"https:\/\/www.erasur.com\/#\/schema\/logo\/image\/\"}}]}<\/script>\n<!-- \/ Yoast SEO plugin. -->","yoast_head_json":{"title":"Pol\u00edtica de privacidad - Erasur Group - Developer and Real Estate Promoter","robots":{"index":"index","follow":"follow","max-snippet":"max-snippet:-1","max-image-preview":"max-image-preview:large","max-video-preview":"max-video-preview:-1"},"canonical":"https:\/\/www.erasur.com\/es\/politica-privacidad\/","og_locale":"es_ES","og_type":"article","og_title":"Pol\u00edtica de privacidad - Erasur Group - Developer and Real Estate Promoter","og_description":"El acceso a la p\u00e1gina web es gratuito salvo en lo relativo al coste de la conexi\u00f3n a trav\u00e9s de la red de telecomunicaciones suministrada por el proveedor de acceso contratado por los usuarios La utilizaci\u00f3n del Portal atribuye la condici\u00f3n de usuario del Portal (en adelante, el \u2018Usuario\u2019) e implica la aceptaci\u00f3n de todas [&hellip;]","og_url":"https:\/\/www.erasur.com\/es\/politica-privacidad\/","og_site_name":"Erasur Group - Developer and Real Estate Promoter","article_modified_time":"2016-07-14T07:50:11+00:00","twitter_card":"summary_large_image","twitter_misc":{"Tiempo de lectura":"1 minute"},"schema":{"@context":"https:\/\/schema.org","@graph":[{"@type":"WebPage","@id":"https:\/\/www.erasur.com\/es\/politica-privacidad\/","url":"https:\/\/www.erasur.com\/es\/politica-privacidad\/","name":"Pol\u00edtica de privacidad - Erasur Group - Developer and Real Estate Promoter","isPartOf":{"@id":"https:\/\/www.erasur.com\/#website"},"datePublished":"2016-06-29T14:14:44+00:00","dateModified":"2016-07-14T07:50:11+00:00","breadcrumb":{"@id":"https:\/\/www.erasur.com\/es\/politica-privacidad\/#breadcrumb"},"inLanguage":"es-ES","potentialAction":[{"@type":"ReadAction","target":["https:\/\/www.erasur.com\/es\/politica-privacidad\/"]}]},{"@type":"BreadcrumbList","@id":"https:\/\/www.erasur.com\/es\/politica-privacidad\/#breadcrumb","itemListElement":[{"@type":"ListItem","position":1,"name":"Portada","item":"https:\/\/www.erasur.com\/es\/"},{"@type":"ListItem","position":2,"name":"Pol\u00edtica de privacidad"}]},{"@type":"WebSite","@id":"https:\/\/www.erasur.com\/#website","url":"https:\/\/www.erasur.com\/","name":"Erasur Group - Developer and Real Estate Promoter","description":"Erasur Group - Developer and Real Estate Promoter","publisher":{"@id":"https:\/\/www.erasur.com\/#organization"},"potentialAction":[{"@type":"SearchAction","target":{"@type":"EntryPoint","urlTemplate":"https:\/\/www.erasur.com\/?s={search_term_string}"},"query-input":{"@type":"PropertyValueSpecification","valueRequired":true,"valueName":"search_term_string"}}],"inLanguage":"es-ES"},{"@type":"Organization","@id":"https:\/\/www.erasur.com\/#organization","name":"Erasur","url":"https:\/\/www.erasur.com\/","logo":{"@type":"ImageObject","inLanguage":"es-ES","@id":"https:\/\/www.erasur.com\/#\/schema\/logo\/image\/","url":"http:\/\/www.erasur.com\/wp-content\/uploads\/2016\/05\/logo.png","contentUrl":"http:\/\/www.erasur.com\/wp-content\/uploads\/2016\/05\/logo.png","width":230,"height":100,"caption":"Erasur"},"image":{"@id":"https:\/\/www.erasur.com\/#\/schema\/logo\/image\/"}}]}},"_links":{"self":[{"href":"https:\/\/www.erasur.com\/es\/wp-json\/wp\/v2\/pages\/93","targetHints":{"allow":["GET"]}}],"collection":[{"href":"https:\/\/www.erasur.com\/es\/wp-json\/wp\/v2\/pages"}],"about":[{"href":"https:\/\/www.erasur.com\/es\/wp-json\/wp\/v2\/types\/page"}],"author":[{"embeddable":true,"href":"https:\/\/www.erasur.com\/es\/wp-json\/wp\/v2\/users\/1"}],"replies":[{"embeddable":true,"href":"https:\/\/www.erasur.com\/es\/wp-json\/wp\/v2\/comments?post=93"}],"version-history":[{"count":4,"href":"https:\/\/www.erasur.com\/es\/wp-json\/wp\/v2\/pages\/93\/revisions"}],"predecessor-version":[{"id":150,"href":"https:\/\/www.erasur.com\/es\/wp-json\/wp\/v2\/pages\/93\/revisions\/150"}],"wp:attachment":[{"href":"https:\/\/www.erasur.com\/es\/wp-json\/wp\/v2\/media?parent=93"}],"curies":[{"name":"wp","href":"https:\/\/api.w.org\/{rel}","templated":true}]}}