{"id":6,"date":"2016-05-31T13:44:02","date_gmt":"2016-05-31T13:44:02","guid":{"rendered":"http:\/\/www.erasur.com\/?page_id=6"},"modified":"2016-07-14T07:43:29","modified_gmt":"2016-07-14T07:43:29","slug":"politica-de-cookies","status":"publish","type":"page","link":"https:\/\/www.erasur.com\/es\/politica-de-cookies\/","title":{"rendered":"Pol\u00edtica de cookies"},"content":{"rendered":"<p>DEFINICI\u00d3N: Una <a>cookie<\/a> (o galleta inform\u00e1tica) es una peque\u00f1a informaci\u00f3n enviada por un sitio web y almacenada en el navegador del usuario, de manera que el sitio web puede consultar la actividad previa del usuario.<\/p>\n<p>Sus principales funciones son:<\/p>\n<ul>\n<li>Llevar el control de usuarios: cuando un usuario introduce su nombre de usuario y contrase\u00f1a, se almacena una cookie para que no tenga que estar introduci\u00e9ndolas para cada p\u00e1gina del servidor. Sin embargo, una cookie no identifica solo a una persona, sino a una combinaci\u00f3n de computador-navegador-usuario.<\/li>\n<li>Conseguir informaci\u00f3n sobre los h\u00e1bitos de navegaci\u00f3n del usuario, e intentos de spyware (programas esp\u00eda), por parte de agencias de publicidad y otros. Esto puede causar problemas de privacidad y es una de las razones por la que las cookies tienen sus detractores.<\/li>\n<\/ul>\n<p>GESTI\u00d3N:\u00a0Las cookies pueden ser borradas, aceptadas o bloqueadas seg\u00fan desee, para esto s\u00f3lo debe configurar convenientemente el navegador web o incluso\u00a0si quisiese retirar en cualquier momento su consentimiento relacionado con la presente Pol\u00edtica de Cookies, deber\u00e1 eliminar las cookies almacenadas en su equipo (ordenador o dispositivo m\u00f3vil) a trav\u00e9s de los ajustes y configuraciones de su navegador de Internet.<\/p>\n<p>Salvo que haya ajustado la configuraci\u00f3n de su navegador, nuestro sistema crear\u00e1 cookies en cuanto visite nuestro Sitio Web. Tenga presente que todos los navegadores de Internet permiten el cambio de dicha configuraci\u00f3n.<\/p>\n<p>Para m\u00e1s informaci\u00f3n sobre las cookies, le remitimos al enlace pertinente:0<\/p>\n<p><a href=\"https:\/\/www.agpd.es\/portalwebAGPD\/canaldocumentacion\/publicaciones\/common\/Guias\/Guia_Cookies.pdf\" target=\"_blank\">Enlace:<\/a><\/p>\n<p>La \u00faltima actualizaci\u00f3n del presente documento\u00a0ha tenido lugar el 14 de Julio\u00a0de 2016.<\/p>\n","protected":false},"excerpt":{"rendered":"<p>DEFINICI\u00d3N: Una cookie (o galleta inform\u00e1tica) es una peque\u00f1a informaci\u00f3n enviada por un sitio web y almacenada en el navegador del usuario, de manera que el sitio web puede consultar la actividad previa del usuario. Sus principales funciones son: Llevar el control de usuarios: cuando un usuario introduce su nombre de usuario y contrase\u00f1a, se [&hellip;]<\/p>\n","protected":false},"author":1,"featured_media":0,"parent":0,"menu_order":0,"comment_status":"closed","ping_status":"closed","template":"templates\/page-legales.php","meta":{"_acf_changed":false,"footnotes":""},"class_list":["post-6","page","type-page","status-publish","hentry"],"acf":[],"yoast_head":"<!-- This site is optimized with the Yoast SEO plugin v26.8 - https:\/\/yoast.com\/product\/yoast-seo-wordpress\/ -->\n<title>Pol\u00edtica de cookies - Erasur Group - Developer and Real Estate Promoter<\/title>\n<meta name=\"robots\" content=\"index, follow, max-snippet:-1, max-image-preview:large, max-video-preview:-1\" \/>\n<link rel=\"canonical\" href=\"https:\/\/www.erasur.com\/es\/politica-de-cookies\/\" \/>\n<meta property=\"og:locale\" content=\"es_ES\" \/>\n<meta property=\"og:type\" content=\"article\" \/>\n<meta property=\"og:title\" content=\"Pol\u00edtica de cookies - Erasur Group - Developer and Real Estate Promoter\" \/>\n<meta property=\"og:description\" content=\"DEFINICI\u00d3N: Una cookie (o galleta inform\u00e1tica) es una peque\u00f1a informaci\u00f3n enviada por un sitio web y almacenada en el navegador del usuario, de manera que el sitio web puede consultar la actividad previa del usuario. Sus principales funciones son: Llevar el control de usuarios: cuando un usuario introduce su nombre de usuario y contrase\u00f1a, se [&hellip;]\" \/>\n<meta property=\"og:url\" content=\"https:\/\/www.erasur.com\/es\/politica-de-cookies\/\" \/>\n<meta property=\"og:site_name\" content=\"Erasur Group - Developer and Real Estate Promoter\" \/>\n<meta property=\"article:modified_time\" content=\"2016-07-14T07:43:29+00:00\" \/>\n<meta name=\"twitter:card\" content=\"summary_large_image\" \/>\n<meta name=\"twitter:label1\" content=\"Tiempo de lectura\" \/>\n\t<meta name=\"twitter:data1\" content=\"1 minute\" \/>\n<script type=\"application\/ld+json\" class=\"yoast-schema-graph\">{\"@context\":\"https:\/\/schema.org\",\"@graph\":[{\"@type\":\"WebPage\",\"@id\":\"https:\/\/www.erasur.com\/es\/politica-de-cookies\/\",\"url\":\"https:\/\/www.erasur.com\/es\/politica-de-cookies\/\",\"name\":\"Pol\u00edtica de cookies - Erasur Group - Developer and Real Estate Promoter\",\"isPartOf\":{\"@id\":\"https:\/\/www.erasur.com\/#website\"},\"datePublished\":\"2016-05-31T13:44:02+00:00\",\"dateModified\":\"2016-07-14T07:43:29+00:00\",\"breadcrumb\":{\"@id\":\"https:\/\/www.erasur.com\/es\/politica-de-cookies\/#breadcrumb\"},\"inLanguage\":\"es-ES\",\"potentialAction\":[{\"@type\":\"ReadAction\",\"target\":[\"https:\/\/www.erasur.com\/es\/politica-de-cookies\/\"]}]},{\"@type\":\"BreadcrumbList\",\"@id\":\"https:\/\/www.erasur.com\/es\/politica-de-cookies\/#breadcrumb\",\"itemListElement\":[{\"@type\":\"ListItem\",\"position\":1,\"name\":\"Portada\",\"item\":\"https:\/\/www.erasur.com\/es\/\"},{\"@type\":\"ListItem\",\"position\":2,\"name\":\"Pol\u00edtica de cookies\"}]},{\"@type\":\"WebSite\",\"@id\":\"https:\/\/www.erasur.com\/#website\",\"url\":\"https:\/\/www.erasur.com\/\",\"name\":\"Erasur Group - Developer and Real Estate Promoter\",\"description\":\"Erasur Group - Developer and Real Estate Promoter\",\"publisher\":{\"@id\":\"https:\/\/www.erasur.com\/#organization\"},\"potentialAction\":[{\"@type\":\"SearchAction\",\"target\":{\"@type\":\"EntryPoint\",\"urlTemplate\":\"https:\/\/www.erasur.com\/?s={search_term_string}\"},\"query-input\":{\"@type\":\"PropertyValueSpecification\",\"valueRequired\":true,\"valueName\":\"search_term_string\"}}],\"inLanguage\":\"es-ES\"},{\"@type\":\"Organization\",\"@id\":\"https:\/\/www.erasur.com\/#organization\",\"name\":\"Erasur\",\"url\":\"https:\/\/www.erasur.com\/\",\"logo\":{\"@type\":\"ImageObject\",\"inLanguage\":\"es-ES\",\"@id\":\"https:\/\/www.erasur.com\/#\/schema\/logo\/image\/\",\"url\":\"http:\/\/www.erasur.com\/wp-content\/uploads\/2016\/05\/logo.png\",\"contentUrl\":\"http:\/\/www.erasur.com\/wp-content\/uploads\/2016\/05\/logo.png\",\"width\":230,\"height\":100,\"caption\":\"Erasur\"},\"image\":{\"@id\":\"https:\/\/www.erasur.com\/#\/schema\/logo\/image\/\"}}]}<\/script>\n<!-- \/ Yoast SEO plugin. -->","yoast_head_json":{"title":"Pol\u00edtica de cookies - Erasur Group - Developer and Real Estate Promoter","robots":{"index":"index","follow":"follow","max-snippet":"max-snippet:-1","max-image-preview":"max-image-preview:large","max-video-preview":"max-video-preview:-1"},"canonical":"https:\/\/www.erasur.com\/es\/politica-de-cookies\/","og_locale":"es_ES","og_type":"article","og_title":"Pol\u00edtica de cookies - Erasur Group - Developer and Real Estate Promoter","og_description":"DEFINICI\u00d3N: Una cookie (o galleta inform\u00e1tica) es una peque\u00f1a informaci\u00f3n enviada por un sitio web y almacenada en el navegador del usuario, de manera que el sitio web puede consultar la actividad previa del usuario. Sus principales funciones son: Llevar el control de usuarios: cuando un usuario introduce su nombre de usuario y contrase\u00f1a, se [&hellip;]","og_url":"https:\/\/www.erasur.com\/es\/politica-de-cookies\/","og_site_name":"Erasur Group - Developer and Real Estate Promoter","article_modified_time":"2016-07-14T07:43:29+00:00","twitter_card":"summary_large_image","twitter_misc":{"Tiempo de lectura":"1 minute"},"schema":{"@context":"https:\/\/schema.org","@graph":[{"@type":"WebPage","@id":"https:\/\/www.erasur.com\/es\/politica-de-cookies\/","url":"https:\/\/www.erasur.com\/es\/politica-de-cookies\/","name":"Pol\u00edtica de cookies - Erasur Group - Developer and Real Estate Promoter","isPartOf":{"@id":"https:\/\/www.erasur.com\/#website"},"datePublished":"2016-05-31T13:44:02+00:00","dateModified":"2016-07-14T07:43:29+00:00","breadcrumb":{"@id":"https:\/\/www.erasur.com\/es\/politica-de-cookies\/#breadcrumb"},"inLanguage":"es-ES","potentialAction":[{"@type":"ReadAction","target":["https:\/\/www.erasur.com\/es\/politica-de-cookies\/"]}]},{"@type":"BreadcrumbList","@id":"https:\/\/www.erasur.com\/es\/politica-de-cookies\/#breadcrumb","itemListElement":[{"@type":"ListItem","position":1,"name":"Portada","item":"https:\/\/www.erasur.com\/es\/"},{"@type":"ListItem","position":2,"name":"Pol\u00edtica de cookies"}]},{"@type":"WebSite","@id":"https:\/\/www.erasur.com\/#website","url":"https:\/\/www.erasur.com\/","name":"Erasur Group - Developer and Real Estate Promoter","description":"Erasur Group - Developer and Real Estate Promoter","publisher":{"@id":"https:\/\/www.erasur.com\/#organization"},"potentialAction":[{"@type":"SearchAction","target":{"@type":"EntryPoint","urlTemplate":"https:\/\/www.erasur.com\/?s={search_term_string}"},"query-input":{"@type":"PropertyValueSpecification","valueRequired":true,"valueName":"search_term_string"}}],"inLanguage":"es-ES"},{"@type":"Organization","@id":"https:\/\/www.erasur.com\/#organization","name":"Erasur","url":"https:\/\/www.erasur.com\/","logo":{"@type":"ImageObject","inLanguage":"es-ES","@id":"https:\/\/www.erasur.com\/#\/schema\/logo\/image\/","url":"http:\/\/www.erasur.com\/wp-content\/uploads\/2016\/05\/logo.png","contentUrl":"http:\/\/www.erasur.com\/wp-content\/uploads\/2016\/05\/logo.png","width":230,"height":100,"caption":"Erasur"},"image":{"@id":"https:\/\/www.erasur.com\/#\/schema\/logo\/image\/"}}]}},"_links":{"self":[{"href":"https:\/\/www.erasur.com\/es\/wp-json\/wp\/v2\/pages\/6","targetHints":{"allow":["GET"]}}],"collection":[{"href":"https:\/\/www.erasur.com\/es\/wp-json\/wp\/v2\/pages"}],"about":[{"href":"https:\/\/www.erasur.com\/es\/wp-json\/wp\/v2\/types\/page"}],"author":[{"embeddable":true,"href":"https:\/\/www.erasur.com\/es\/wp-json\/wp\/v2\/users\/1"}],"replies":[{"embeddable":true,"href":"https:\/\/www.erasur.com\/es\/wp-json\/wp\/v2\/comments?post=6"}],"version-history":[{"count":3,"href":"https:\/\/www.erasur.com\/es\/wp-json\/wp\/v2\/pages\/6\/revisions"}],"predecessor-version":[{"id":148,"href":"https:\/\/www.erasur.com\/es\/wp-json\/wp\/v2\/pages\/6\/revisions\/148"}],"wp:attachment":[{"href":"https:\/\/www.erasur.com\/es\/wp-json\/wp\/v2\/media?parent=6"}],"curies":[{"name":"wp","href":"https:\/\/api.w.org\/{rel}","templated":true}]}}