{"id":15,"date":"2016-06-01T14:05:06","date_gmt":"2016-06-01T14:05:06","guid":{"rendered":"http:\/\/www.erasur.com\/?page_id=15"},"modified":"2016-08-05T09:54:41","modified_gmt":"2016-08-05T09:54:41","slug":"nuestros-activos-inmobiliarios","status":"publish","type":"page","link":"https:\/\/www.erasur.com\/es\/nuestros-activos-inmobiliarios\/","title":{"rendered":"Portfolio"},"content":{"rendered":"<p>Disponemos de una selecci\u00f3n de activos inmobiliarios en alquiler y venta que abarcan suelos, locales comerciales y viviendas. Para m\u00e1s informaci\u00f3n, p\u00f3ngase en contacto con ERASUR GRUPO.<\/p>\n","protected":false},"excerpt":{"rendered":"<p>Disponemos de una selecci\u00f3n de activos inmobiliarios en alquiler y venta que abarcan suelos, locales comerciales y viviendas. Para m\u00e1s informaci\u00f3n, p\u00f3ngase en contacto con ERASUR GRUPO.<\/p>\n","protected":false},"author":1,"featured_media":0,"parent":0,"menu_order":0,"comment_status":"closed","ping_status":"closed","template":"templates\/page-portfolio.php","meta":{"_acf_changed":false,"footnotes":""},"class_list":["post-15","page","type-page","status-publish","hentry"],"acf":[],"yoast_head":"<!-- This site is optimized with the Yoast SEO plugin v26.8 - https:\/\/yoast.com\/product\/yoast-seo-wordpress\/ -->\n<title>Activos Inmobiliarios - Constructora en la Costa del Sol<\/title>\n<meta name=\"description\" content=\"Selecci\u00f3n de activos inmobiliarios en alquiler y venta que abarcan suelos, locales comerciales y viviendas. P\u00f3ngase en contacto con ERASUR GRUPO.\" \/>\n<meta name=\"robots\" content=\"index, follow, max-snippet:-1, max-image-preview:large, max-video-preview:-1\" \/>\n<link rel=\"canonical\" href=\"https:\/\/www.erasur.com\/es\/nuestros-activos-inmobiliarios\/\" \/>\n<meta property=\"og:locale\" content=\"es_ES\" \/>\n<meta property=\"og:type\" content=\"article\" \/>\n<meta property=\"og:title\" content=\"Activos Inmobiliarios - Constructora en la Costa del Sol\" \/>\n<meta property=\"og:description\" content=\"Selecci\u00f3n de activos inmobiliarios en alquiler y venta que abarcan suelos, locales comerciales y viviendas. P\u00f3ngase en contacto con ERASUR GRUPO.\" \/>\n<meta property=\"og:url\" content=\"https:\/\/www.erasur.com\/es\/nuestros-activos-inmobiliarios\/\" \/>\n<meta property=\"og:site_name\" content=\"Erasur Group - Developer and Real Estate Promoter\" \/>\n<meta property=\"article:modified_time\" content=\"2016-08-05T09:54:41+00:00\" \/>\n<meta name=\"twitter:card\" content=\"summary_large_image\" \/>\n<script type=\"application\/ld+json\" class=\"yoast-schema-graph\">{\"@context\":\"https:\/\/schema.org\",\"@graph\":[{\"@type\":\"WebPage\",\"@id\":\"https:\/\/www.erasur.com\/es\/nuestros-activos-inmobiliarios\/\",\"url\":\"https:\/\/www.erasur.com\/es\/nuestros-activos-inmobiliarios\/\",\"name\":\"Activos Inmobiliarios - Constructora en la Costa del Sol\",\"isPartOf\":{\"@id\":\"https:\/\/www.erasur.com\/#website\"},\"datePublished\":\"2016-06-01T14:05:06+00:00\",\"dateModified\":\"2016-08-05T09:54:41+00:00\",\"description\":\"Selecci\u00f3n de activos inmobiliarios en alquiler y venta que abarcan suelos, locales comerciales y viviendas. P\u00f3ngase en contacto con ERASUR GRUPO.\",\"breadcrumb\":{\"@id\":\"https:\/\/www.erasur.com\/es\/nuestros-activos-inmobiliarios\/#breadcrumb\"},\"inLanguage\":\"es-ES\",\"potentialAction\":[{\"@type\":\"ReadAction\",\"target\":[\"https:\/\/www.erasur.com\/es\/nuestros-activos-inmobiliarios\/\"]}]},{\"@type\":\"BreadcrumbList\",\"@id\":\"https:\/\/www.erasur.com\/es\/nuestros-activos-inmobiliarios\/#breadcrumb\",\"itemListElement\":[{\"@type\":\"ListItem\",\"position\":1,\"name\":\"Portada\",\"item\":\"https:\/\/www.erasur.com\/es\/\"},{\"@type\":\"ListItem\",\"position\":2,\"name\":\"Portfolio\"}]},{\"@type\":\"WebSite\",\"@id\":\"https:\/\/www.erasur.com\/#website\",\"url\":\"https:\/\/www.erasur.com\/\",\"name\":\"Erasur Group - Developer and Real Estate Promoter\",\"description\":\"Erasur Group - Developer and Real Estate Promoter\",\"publisher\":{\"@id\":\"https:\/\/www.erasur.com\/#organization\"},\"potentialAction\":[{\"@type\":\"SearchAction\",\"target\":{\"@type\":\"EntryPoint\",\"urlTemplate\":\"https:\/\/www.erasur.com\/?s={search_term_string}\"},\"query-input\":{\"@type\":\"PropertyValueSpecification\",\"valueRequired\":true,\"valueName\":\"search_term_string\"}}],\"inLanguage\":\"es-ES\"},{\"@type\":\"Organization\",\"@id\":\"https:\/\/www.erasur.com\/#organization\",\"name\":\"Erasur\",\"url\":\"https:\/\/www.erasur.com\/\",\"logo\":{\"@type\":\"ImageObject\",\"inLanguage\":\"es-ES\",\"@id\":\"https:\/\/www.erasur.com\/#\/schema\/logo\/image\/\",\"url\":\"http:\/\/www.erasur.com\/wp-content\/uploads\/2016\/05\/logo.png\",\"contentUrl\":\"http:\/\/www.erasur.com\/wp-content\/uploads\/2016\/05\/logo.png\",\"width\":230,\"height\":100,\"caption\":\"Erasur\"},\"image\":{\"@id\":\"https:\/\/www.erasur.com\/#\/schema\/logo\/image\/\"}}]}<\/script>\n<!-- \/ Yoast SEO plugin. -->","yoast_head_json":{"title":"Activos Inmobiliarios - Constructora en la Costa del Sol","description":"Selecci\u00f3n de activos inmobiliarios en alquiler y venta que abarcan suelos, locales comerciales y viviendas. P\u00f3ngase en contacto con ERASUR GRUPO.","robots":{"index":"index","follow":"follow","max-snippet":"max-snippet:-1","max-image-preview":"max-image-preview:large","max-video-preview":"max-video-preview:-1"},"canonical":"https:\/\/www.erasur.com\/es\/nuestros-activos-inmobiliarios\/","og_locale":"es_ES","og_type":"article","og_title":"Activos Inmobiliarios - Constructora en la Costa del Sol","og_description":"Selecci\u00f3n de activos inmobiliarios en alquiler y venta que abarcan suelos, locales comerciales y viviendas. P\u00f3ngase en contacto con ERASUR GRUPO.","og_url":"https:\/\/www.erasur.com\/es\/nuestros-activos-inmobiliarios\/","og_site_name":"Erasur Group - Developer and Real Estate Promoter","article_modified_time":"2016-08-05T09:54:41+00:00","twitter_card":"summary_large_image","schema":{"@context":"https:\/\/schema.org","@graph":[{"@type":"WebPage","@id":"https:\/\/www.erasur.com\/es\/nuestros-activos-inmobiliarios\/","url":"https:\/\/www.erasur.com\/es\/nuestros-activos-inmobiliarios\/","name":"Activos Inmobiliarios - Constructora en la Costa del Sol","isPartOf":{"@id":"https:\/\/www.erasur.com\/#website"},"datePublished":"2016-06-01T14:05:06+00:00","dateModified":"2016-08-05T09:54:41+00:00","description":"Selecci\u00f3n de activos inmobiliarios en alquiler y venta que abarcan suelos, locales comerciales y viviendas. P\u00f3ngase en contacto con ERASUR GRUPO.","breadcrumb":{"@id":"https:\/\/www.erasur.com\/es\/nuestros-activos-inmobiliarios\/#breadcrumb"},"inLanguage":"es-ES","potentialAction":[{"@type":"ReadAction","target":["https:\/\/www.erasur.com\/es\/nuestros-activos-inmobiliarios\/"]}]},{"@type":"BreadcrumbList","@id":"https:\/\/www.erasur.com\/es\/nuestros-activos-inmobiliarios\/#breadcrumb","itemListElement":[{"@type":"ListItem","position":1,"name":"Portada","item":"https:\/\/www.erasur.com\/es\/"},{"@type":"ListItem","position":2,"name":"Portfolio"}]},{"@type":"WebSite","@id":"https:\/\/www.erasur.com\/#website","url":"https:\/\/www.erasur.com\/","name":"Erasur Group - Developer and Real Estate Promoter","description":"Erasur Group - Developer and Real Estate Promoter","publisher":{"@id":"https:\/\/www.erasur.com\/#organization"},"potentialAction":[{"@type":"SearchAction","target":{"@type":"EntryPoint","urlTemplate":"https:\/\/www.erasur.com\/?s={search_term_string}"},"query-input":{"@type":"PropertyValueSpecification","valueRequired":true,"valueName":"search_term_string"}}],"inLanguage":"es-ES"},{"@type":"Organization","@id":"https:\/\/www.erasur.com\/#organization","name":"Erasur","url":"https:\/\/www.erasur.com\/","logo":{"@type":"ImageObject","inLanguage":"es-ES","@id":"https:\/\/www.erasur.com\/#\/schema\/logo\/image\/","url":"http:\/\/www.erasur.com\/wp-content\/uploads\/2016\/05\/logo.png","contentUrl":"http:\/\/www.erasur.com\/wp-content\/uploads\/2016\/05\/logo.png","width":230,"height":100,"caption":"Erasur"},"image":{"@id":"https:\/\/www.erasur.com\/#\/schema\/logo\/image\/"}}]}},"_links":{"self":[{"href":"https:\/\/www.erasur.com\/es\/wp-json\/wp\/v2\/pages\/15","targetHints":{"allow":["GET"]}}],"collection":[{"href":"https:\/\/www.erasur.com\/es\/wp-json\/wp\/v2\/pages"}],"about":[{"href":"https:\/\/www.erasur.com\/es\/wp-json\/wp\/v2\/types\/page"}],"author":[{"embeddable":true,"href":"https:\/\/www.erasur.com\/es\/wp-json\/wp\/v2\/users\/1"}],"replies":[{"embeddable":true,"href":"https:\/\/www.erasur.com\/es\/wp-json\/wp\/v2\/comments?post=15"}],"version-history":[{"count":8,"href":"https:\/\/www.erasur.com\/es\/wp-json\/wp\/v2\/pages\/15\/revisions"}],"predecessor-version":[{"id":358,"href":"https:\/\/www.erasur.com\/es\/wp-json\/wp\/v2\/pages\/15\/revisions\/358"}],"wp:attachment":[{"href":"https:\/\/www.erasur.com\/es\/wp-json\/wp\/v2\/media?parent=15"}],"curies":[{"name":"wp","href":"https:\/\/api.w.org\/{rel}","templated":true}]}}